{"id":991,"date":"2023-12-06T18:41:18","date_gmt":"2023-12-06T17:41:18","guid":{"rendered":"https:\/\/srweldingsteel.upvision.site\/blog\/"},"modified":"2023-12-20T14:45:55","modified_gmt":"2023-12-20T13:45:55","slug":"blog","status":"publish","type":"page","link":"https:\/\/srweldingsteel.upvision.site\/en\/blog\/","title":{"rendered":"Blog"},"content":{"rendered":"<div class=\"wpb-content-wrapper\"><p>[vc_row][vc_column css=&#8221;.vc_custom_1700810953069{padding-bottom: 50px !important;}&#8221; woodmart_css_id=&#8221;656050b8cabe8&#8243; parallax_scroll=&#8221;no&#8221; woodmart_sticky_column=&#8221;false&#8221; wd_collapsible_content_switcher=&#8221;no&#8221; wd_column_role_offcanvas_desktop=&#8221;no&#8221; wd_column_role_offcanvas_tablet=&#8221;no&#8221; wd_column_role_offcanvas_mobile=&#8221;no&#8221; wd_column_role_content_desktop=&#8221;no&#8221; wd_column_role_content_tablet=&#8221;no&#8221; wd_column_role_content_mobile=&#8221;no&#8221; mobile_bg_img_hidden=&#8221;no&#8221; tablet_bg_img_hidden=&#8221;no&#8221; woodmart_parallax=&#8221;0&#8243; woodmart_box_shadow=&#8221;no&#8221; responsive_spacing=&#8221;eyJwYXJhbV90eXBlIjoid29vZG1hcnRfcmVzcG9uc2l2ZV9zcGFjaW5nIiwic2VsZWN0b3JfaWQiOiI2NTYwNTBiOGNhYmU4Iiwic2hvcnRjb2RlIjoidmNfY29sdW1uIiwiZGF0YSI6eyJ0YWJsZXQiOnt9LCJtb2JpbGUiOnt9fX0=&#8221; mobile_reset_margin=&#8221;no&#8221; tablet_reset_margin=&#8221;no&#8221; wd_z_index=&#8221;no&#8221;]\t\t\t<link rel=\"stylesheet\" id=\"wd-section-title-css\" href=\"https:\/\/srweldingsteel.upvision.site\/wp-content\/themes\/woodmart\/css\/parts\/el-section-title.min.css?ver=7.2.5\" type=\"text\/css\" media=\"all\" \/> \t\t\t\t\t\t<link rel=\"stylesheet\" id=\"wd-mod-highlighted-text-css\" href=\"https:\/\/srweldingsteel.upvision.site\/wp-content\/themes\/woodmart\/css\/parts\/mod-highlighted-text.min.css?ver=7.2.5\" type=\"text\/css\" media=\"all\" \/> \t\t\t\n\t\t<div id=\"wd-655c45a3de53b\" class=\"title-wrapper wd-wpb set-mb-s reset-last-child  wd-rs-655c45a3de53b wd-title-color-default wd-title-style-default text-left title-double-color-blue  wd-underline-colored\">\n\t\t\t\n\t\t\t<div class=\"liner-continer\">\n\t\t\t\t<h1 class=\"woodmart-title-container title  wd-font-weight-400 wd-fontsize-l\" ><a>News<\/a> from us<\/h1>\n\t\t\t\t\t\t\t<\/div>\n\t\t\t\n\t\t\t\t\t\t\t<div class=\"title-after_title  set-cont-mb-s reset-last-child  wd-fontsize-xs\">Read news from our welding school and industrial assembly area.<\/div>\n\t\t\t\n\t\t\t\n\t\t<\/div>\n\t\t\n\t\t[vc_basic_grid post_type=&#8221;post&#8221; max_items=&#8221;-1&#8243; style=&#8221;pagination&#8221; items_per_page=&#8221;9&#8243; show_filter=&#8221;yes&#8221; gap=&#8221;0&#8243; filter_style=&#8221;default-less-rounded&#8221; filter_default_title=&#8221;&#8221; filter_align=&#8221;left&#8221; filter_color=&#8221;black&#8221; item=&#8221;357&#8243; grid_id=&#8221;vc_gid:1703079931504-00e8757c-7fe1-8&#8243; filter_source=&#8221;category&#8221; exclude_filter=&#8221;1&#8243; el_id=&#8221;blog-post-grid&#8221;][\/vc_column][\/vc_row][vc_row][vc_column]<style data-type=\"vc_shortcodes-custom-css\">.vc_custom_1700757710582{padding-top: 200px !important;padding-bottom: 130px !important;background-image: url(https:\/\/srweldingsteel.upvision.site\/wp-content\/uploads\/2023\/10\/newsletter.png?id=122) !important;background-position: center !important;background-repeat: no-repeat !important;background-size: cover !important;}#wd-6537f5069b25d .woodmart-title-container{font-size:48px;line-height:56px;color:#ffffff;}#wd-6537f5069b25d .title-after_title{font-size:18px;line-height:28px;color:rgba(255,255,255,0.6);}@media (max-width: 1199px) {.website-wrapper .wd-rs-655f80bd736d1{padding-top:50px !important;padding-bottom:80px !important;}#wd-6537f5069b25d .woodmart-title-container{font-size:38px;line-height:45px;}#wd-6537f5069b25d .title-after_title{font-size:18px;line-height:28px;}.website-wrapper .wd-rs-6537f5069b25d{margin-top:50px !important;}}@media (max-width: 767px) {.website-wrapper .wd-rs-655f80bd736d1{padding-top:70px !important;padding-bottom:50px !important;}#wd-6537f5069b25d .woodmart-title-container{font-size:30px;line-height:35px;}#wd-6537f5069b25d .title-after_title{font-size:16px;line-height:24px;}.website-wrapper .wd-rs-6537f5069b25d{margin-top:40px !important;}}<\/style>[vc_row equal_height=\"yes\" content_placement=\"middle\" woodmart_stretch_content=\"section-stretch\" woodmart_bg_position=\"center-center\" css=\".vc_custom_1700757710582{padding-top: 200px !important;padding-bottom: 130px !important;background-image: url(https:\/\/srweldingsteel.upvision.site\/wp-content\/uploads\/2023\/10\/newsletter.png?id=122) !important;background-position: center !important;background-repeat: no-repeat !important;background-size: cover !important;}\" woodmart_css_id=\"655f80bd736d1\" responsive_spacing=\"eyJwYXJhbV90eXBlIjoid29vZG1hcnRfcmVzcG9uc2l2ZV9zcGFjaW5nIiwic2VsZWN0b3JfaWQiOiI2NTVmODBiZDczNmQxIiwic2hvcnRjb2RlIjoidmNfcm93IiwiZGF0YSI6eyJ0YWJsZXQiOnsicGFkZGluZy10b3AiOiI1MHB4IiwicGFkZGluZy1ib3R0b20iOiI4MHB4In0sIm1vYmlsZSI6eyJwYWRkaW5nLXRvcCI6IjcwcHgiLCJwYWRkaW5nLWJvdHRvbSI6IjUwcHgifX19\" mobile_bg_img_hidden=\"no\" tablet_bg_img_hidden=\"no\" woodmart_parallax=\"0\" woodmart_gradient_switch=\"no\" woodmart_box_shadow=\"no\" wd_z_index=\"no\" woodmart_disable_overflow=\"0\" row_reverse_mobile=\"0\" row_reverse_tablet=\"0\"][vc_column offset=\"vc_col-md-7\" woodmart_css_id=\"653a2af3ce5b3\" parallax_scroll=\"no\" woodmart_sticky_column=\"false\" wd_collapsible_content_switcher=\"no\" wd_column_role_offcanvas_desktop=\"no\" wd_column_role_offcanvas_tablet=\"no\" wd_column_role_offcanvas_mobile=\"no\" wd_column_role_content_desktop=\"no\" wd_column_role_content_tablet=\"no\" wd_column_role_content_mobile=\"no\" mobile_bg_img_hidden=\"no\" tablet_bg_img_hidden=\"no\" woodmart_parallax=\"0\" woodmart_box_shadow=\"no\" responsive_spacing=\"eyJwYXJhbV90eXBlIjoid29vZG1hcnRfcmVzcG9uc2l2ZV9zcGFjaW5nIiwic2VsZWN0b3JfaWQiOiI2NTNhMmFmM2NlNWIzIiwic2hvcnRjb2RlIjoidmNfY29sdW1uIiwiZGF0YSI6eyJ0YWJsZXQiOnt9LCJtb2JpbGUiOnt9fX0=\" mobile_reset_margin=\"no\" tablet_reset_margin=\"no\" wd_z_index=\"no\"]\n\t\t<div id=\"wd-6537f5069b25d\" class=\"title-wrapper wd-wpb set-mb-s reset-last-child  wd-rs-6537f5069b25d wd-title-color-default wd-title-style-default text-left title-double-color-newsletter  wd-underline-colored\">\n\t\t\t\n\t\t\t<div class=\"liner-continer\">\n\t\t\t\t<h2 class=\"woodmart-title-container title  wd-font-weight- wd-fontsize-l\" >Do you want to receive the latest information from us? Subscribe to our <a>newsletter<\/a><\/h2>\n\t\t\t\t\t\t\t<\/div>\n\t\t\t\n\t\t\t\n\t\t\t\n\t\t<\/div>\n\t\t\n\t\t[\/vc_column][vc_column offset=\"vc_col-md-5\" woodmart_css_id=\"653a2b062b71a\" parallax_scroll=\"no\" woodmart_sticky_column=\"false\" wd_collapsible_content_switcher=\"no\" wd_column_role_offcanvas_desktop=\"no\" wd_column_role_offcanvas_tablet=\"no\" wd_column_role_offcanvas_mobile=\"no\" wd_column_role_content_desktop=\"no\" wd_column_role_content_tablet=\"no\" wd_column_role_content_mobile=\"no\" mobile_bg_img_hidden=\"no\" tablet_bg_img_hidden=\"no\" woodmart_parallax=\"0\" woodmart_box_shadow=\"no\" responsive_spacing=\"eyJwYXJhbV90eXBlIjoid29vZG1hcnRfcmVzcG9uc2l2ZV9zcGFjaW5nIiwic2VsZWN0b3JfaWQiOiI2NTNhMmIwNjJiNzFhIiwic2hvcnRjb2RlIjoidmNfY29sdW1uIiwiZGF0YSI6eyJ0YWJsZXQiOnt9LCJtb2JpbGUiOnt9fX0=\" mobile_reset_margin=\"no\" tablet_reset_margin=\"no\" wd_z_index=\"no\"][vc_raw_html]W2NvbnRhY3QtZm9ybS03IGlkPSIwMzUyZmFjIiB0aXRsZT0iTmV3c2xldHRlciAtIEVOIl0=[\/vc_raw_html][\/vc_column][\/vc_row][\/vc_column][\/vc_row]<\/p>\n<\/div>","protected":false},"excerpt":{"rendered":"<p>[vc_row][vc_column css=&#8221;.vc_custom_1700810953069{padding-bottom: 50px !important;}&#8221; w...","protected":false},"author":1,"featured_media":0,"parent":0,"menu_order":0,"comment_status":"closed","ping_status":"closed","template":"","meta":{"_acf_changed":false,"footnotes":""},"class_list":["post-991","page","type-page","status-publish","hentry"],"acf":[],"yoast_head":"<!-- This site is optimized with the Yoast SEO plugin v23.6 - https:\/\/yoast.com\/wordpress\/plugins\/seo\/ -->\n<title>Blog | S.R.-WELDINGSTEEL<\/title>\n<meta name=\"robots\" content=\"index, follow, max-snippet:-1, max-image-preview:large, max-video-preview:-1\" \/>\n<link rel=\"canonical\" href=\"https:\/\/srweldingsteel.upvision.site\/en\/blog\/\" \/>\n<meta property=\"og:locale\" content=\"en_US\" \/>\n<meta property=\"og:type\" content=\"article\" \/>\n<meta property=\"og:title\" content=\"Blog | S.R.-WELDINGSTEEL\" \/>\n<meta property=\"og:description\" content=\"[vc_row][vc_column css=&#8221;.vc_custom_1700810953069{padding-bottom: 50px !important;}&#8221; woodmart_css_id=&#8221;656050b8cabe8&#8243; parallax_scroll=&#8221;no&#8221; woodmart_sticky_column=&#8221;false&#8221; wd_collapsible_content_switcher=&#8221;no&#8221; wd_column_role_offcanvas_desktop=&#8221;no&#8221; wd_column_role_offcanvas_tablet=&#8221;no&#8221; wd_column_role_offcanvas_mobile=&#8221;no&#8221; wd_column_role_content_desktop=&#8221;no&#8221; wd_column_role_content_tablet=&#8221;no&#8221; wd_column_role_content_mobile=&#8221;no&#8221; mobile_bg_img_hidden=&#8221;no&#8221; tablet_bg_img_hidden=&#8221;no&#8221; woodmart_parallax=&#8221;0&#8243; woodmart_box_shadow=&#8221;no&#8221; responsive_spacing=&#8221;eyJwYXJhbV90eXBlIjoid29vZG1hcnRfcmVzcG9uc2l2ZV9zcGFjaW5nIiwic2VsZWN0b3JfaWQiOiI2NTYwNTBiOGNhYmU4Iiwic2hvcnRjb2RlIjoidmNfY29sdW1uIiwiZGF0YSI6eyJ0YWJsZXQiOnt9LCJtb2JpbGUiOnt9fX0=&#8221; mobile_reset_margin=&#8221;no&#8221;\" \/>\n<meta property=\"og:url\" content=\"https:\/\/srweldingsteel.upvision.site\/en\/blog\/\" \/>\n<meta property=\"og:site_name\" content=\"S.R.-WELDINGSTEEL\" \/>\n<meta property=\"article:publisher\" content=\"https:\/\/www.facebook.com\/srweldingsteel\" \/>\n<meta property=\"article:modified_time\" content=\"2023-12-20T13:45:55+00:00\" \/>\n<meta property=\"og:image\" content=\"https:\/\/srweldingsteel.upvision.site\/wp-content\/uploads\/2023\/11\/individual-approach.png\" \/>\n\t<meta property=\"og:image:width\" content=\"704\" \/>\n\t<meta property=\"og:image:height\" content=\"480\" \/>\n\t<meta property=\"og:image:type\" content=\"image\/png\" \/>\n<meta name=\"twitter:card\" content=\"summary_large_image\" \/>\n<meta name=\"twitter:label1\" content=\"Est. reading time\" \/>\n\t<meta name=\"twitter:data1\" content=\"1 minute\" \/>\n<script type=\"application\/ld+json\" class=\"yoast-schema-graph\">{\"@context\":\"https:\/\/schema.org\",\"@graph\":[{\"@type\":\"WebPage\",\"@id\":\"https:\/\/srweldingsteel.upvision.site\/en\/blog\/\",\"url\":\"https:\/\/srweldingsteel.upvision.site\/en\/blog\/\",\"name\":\"Blog | S.R.-WELDINGSTEEL\",\"isPartOf\":{\"@id\":\"https:\/\/srweldingsteel.upvision.site\/#website\"},\"datePublished\":\"2023-12-06T17:41:18+00:00\",\"dateModified\":\"2023-12-20T13:45:55+00:00\",\"breadcrumb\":{\"@id\":\"https:\/\/srweldingsteel.upvision.site\/en\/blog\/#breadcrumb\"},\"inLanguage\":\"en-US\",\"potentialAction\":[{\"@type\":\"ReadAction\",\"target\":[\"https:\/\/srweldingsteel.upvision.site\/en\/blog\/\"]}]},{\"@type\":\"BreadcrumbList\",\"@id\":\"https:\/\/srweldingsteel.upvision.site\/en\/blog\/#breadcrumb\",\"itemListElement\":[{\"@type\":\"ListItem\",\"position\":1,\"name\":\"Domov\",\"item\":\"https:\/\/srweldingsteel.upvision.site\/\"},{\"@type\":\"ListItem\",\"position\":2,\"name\":\"Blog\"}]},{\"@type\":\"WebSite\",\"@id\":\"https:\/\/srweldingsteel.upvision.site\/#website\",\"url\":\"https:\/\/srweldingsteel.upvision.site\/\",\"name\":\"S.R.-WELDINGSTEEL\",\"description\":\"Sme odborn\u00edci na zv\u00e1ranie s dlhoro\u010dn\u00fdmi sk\u00fasenos\u0165ami.\",\"publisher\":{\"@id\":\"https:\/\/srweldingsteel.upvision.site\/#organization\"},\"potentialAction\":[{\"@type\":\"SearchAction\",\"target\":{\"@type\":\"EntryPoint\",\"urlTemplate\":\"https:\/\/srweldingsteel.upvision.site\/?s={search_term_string}\"},\"query-input\":{\"@type\":\"PropertyValueSpecification\",\"valueRequired\":true,\"valueName\":\"search_term_string\"}}],\"inLanguage\":\"en-US\"},{\"@type\":\"Organization\",\"@id\":\"https:\/\/srweldingsteel.upvision.site\/#organization\",\"name\":\"S.R.-WELDINGSTEEL\",\"url\":\"https:\/\/srweldingsteel.upvision.site\/\",\"logo\":{\"@type\":\"ImageObject\",\"inLanguage\":\"en-US\",\"@id\":\"https:\/\/srweldingsteel.upvision.site\/#\/schema\/logo\/image\/\",\"url\":\"https:\/\/srweldingsteel.upvision.site\/wp-content\/uploads\/2023\/11\/logo-1.png\",\"contentUrl\":\"https:\/\/srweldingsteel.upvision.site\/wp-content\/uploads\/2023\/11\/logo-1.png\",\"width\":1024,\"height\":1024,\"caption\":\"S.R.-WELDINGSTEEL\"},\"image\":{\"@id\":\"https:\/\/srweldingsteel.upvision.site\/#\/schema\/logo\/image\/\"},\"sameAs\":[\"https:\/\/www.facebook.com\/srweldingsteel\",\"https:\/\/www.instagram.com\/s.r._weldingsteel\/\",\"https:\/\/www.linkedin.com\/company\/s-r-weldingsteel\/\"]}]}<\/script>\n<!-- \/ Yoast SEO plugin. -->","yoast_head_json":{"title":"Blog | S.R.-WELDINGSTEEL","robots":{"index":"index","follow":"follow","max-snippet":"max-snippet:-1","max-image-preview":"max-image-preview:large","max-video-preview":"max-video-preview:-1"},"canonical":"https:\/\/srweldingsteel.upvision.site\/en\/blog\/","og_locale":"en_US","og_type":"article","og_title":"Blog | S.R.-WELDINGSTEEL","og_description":"[vc_row][vc_column css=&#8221;.vc_custom_1700810953069{padding-bottom: 50px !important;}&#8221; woodmart_css_id=&#8221;656050b8cabe8&#8243; parallax_scroll=&#8221;no&#8221; woodmart_sticky_column=&#8221;false&#8221; wd_collapsible_content_switcher=&#8221;no&#8221; wd_column_role_offcanvas_desktop=&#8221;no&#8221; wd_column_role_offcanvas_tablet=&#8221;no&#8221; wd_column_role_offcanvas_mobile=&#8221;no&#8221; wd_column_role_content_desktop=&#8221;no&#8221; wd_column_role_content_tablet=&#8221;no&#8221; wd_column_role_content_mobile=&#8221;no&#8221; mobile_bg_img_hidden=&#8221;no&#8221; tablet_bg_img_hidden=&#8221;no&#8221; woodmart_parallax=&#8221;0&#8243; woodmart_box_shadow=&#8221;no&#8221; responsive_spacing=&#8221;eyJwYXJhbV90eXBlIjoid29vZG1hcnRfcmVzcG9uc2l2ZV9zcGFjaW5nIiwic2VsZWN0b3JfaWQiOiI2NTYwNTBiOGNhYmU4Iiwic2hvcnRjb2RlIjoidmNfY29sdW1uIiwiZGF0YSI6eyJ0YWJsZXQiOnt9LCJtb2JpbGUiOnt9fX0=&#8221; mobile_reset_margin=&#8221;no&#8221;","og_url":"https:\/\/srweldingsteel.upvision.site\/en\/blog\/","og_site_name":"S.R.-WELDINGSTEEL","article_publisher":"https:\/\/www.facebook.com\/srweldingsteel","article_modified_time":"2023-12-20T13:45:55+00:00","og_image":[{"width":704,"height":480,"url":"https:\/\/srweldingsteel.upvision.site\/wp-content\/uploads\/2023\/11\/individual-approach.png","type":"image\/png"}],"twitter_card":"summary_large_image","twitter_misc":{"Est. reading time":"1 minute"},"schema":{"@context":"https:\/\/schema.org","@graph":[{"@type":"WebPage","@id":"https:\/\/srweldingsteel.upvision.site\/en\/blog\/","url":"https:\/\/srweldingsteel.upvision.site\/en\/blog\/","name":"Blog | S.R.-WELDINGSTEEL","isPartOf":{"@id":"https:\/\/srweldingsteel.upvision.site\/#website"},"datePublished":"2023-12-06T17:41:18+00:00","dateModified":"2023-12-20T13:45:55+00:00","breadcrumb":{"@id":"https:\/\/srweldingsteel.upvision.site\/en\/blog\/#breadcrumb"},"inLanguage":"en-US","potentialAction":[{"@type":"ReadAction","target":["https:\/\/srweldingsteel.upvision.site\/en\/blog\/"]}]},{"@type":"BreadcrumbList","@id":"https:\/\/srweldingsteel.upvision.site\/en\/blog\/#breadcrumb","itemListElement":[{"@type":"ListItem","position":1,"name":"Domov","item":"https:\/\/srweldingsteel.upvision.site\/"},{"@type":"ListItem","position":2,"name":"Blog"}]},{"@type":"WebSite","@id":"https:\/\/srweldingsteel.upvision.site\/#website","url":"https:\/\/srweldingsteel.upvision.site\/","name":"S.R.-WELDINGSTEEL","description":"Sme odborn\u00edci na zv\u00e1ranie s dlhoro\u010dn\u00fdmi sk\u00fasenos\u0165ami.","publisher":{"@id":"https:\/\/srweldingsteel.upvision.site\/#organization"},"potentialAction":[{"@type":"SearchAction","target":{"@type":"EntryPoint","urlTemplate":"https:\/\/srweldingsteel.upvision.site\/?s={search_term_string}"},"query-input":{"@type":"PropertyValueSpecification","valueRequired":true,"valueName":"search_term_string"}}],"inLanguage":"en-US"},{"@type":"Organization","@id":"https:\/\/srweldingsteel.upvision.site\/#organization","name":"S.R.-WELDINGSTEEL","url":"https:\/\/srweldingsteel.upvision.site\/","logo":{"@type":"ImageObject","inLanguage":"en-US","@id":"https:\/\/srweldingsteel.upvision.site\/#\/schema\/logo\/image\/","url":"https:\/\/srweldingsteel.upvision.site\/wp-content\/uploads\/2023\/11\/logo-1.png","contentUrl":"https:\/\/srweldingsteel.upvision.site\/wp-content\/uploads\/2023\/11\/logo-1.png","width":1024,"height":1024,"caption":"S.R.-WELDINGSTEEL"},"image":{"@id":"https:\/\/srweldingsteel.upvision.site\/#\/schema\/logo\/image\/"},"sameAs":["https:\/\/www.facebook.com\/srweldingsteel","https:\/\/www.instagram.com\/s.r._weldingsteel\/","https:\/\/www.linkedin.com\/company\/s-r-weldingsteel\/"]}]}},"_links":{"self":[{"href":"https:\/\/srweldingsteel.upvision.site\/en\/wp-json\/wp\/v2\/pages\/991","targetHints":{"allow":["GET"]}}],"collection":[{"href":"https:\/\/srweldingsteel.upvision.site\/en\/wp-json\/wp\/v2\/pages"}],"about":[{"href":"https:\/\/srweldingsteel.upvision.site\/en\/wp-json\/wp\/v2\/types\/page"}],"author":[{"embeddable":true,"href":"https:\/\/srweldingsteel.upvision.site\/en\/wp-json\/wp\/v2\/users\/1"}],"replies":[{"embeddable":true,"href":"https:\/\/srweldingsteel.upvision.site\/en\/wp-json\/wp\/v2\/comments?post=991"}],"version-history":[{"count":3,"href":"https:\/\/srweldingsteel.upvision.site\/en\/wp-json\/wp\/v2\/pages\/991\/revisions"}],"predecessor-version":[{"id":1404,"href":"https:\/\/srweldingsteel.upvision.site\/en\/wp-json\/wp\/v2\/pages\/991\/revisions\/1404"}],"wp:attachment":[{"href":"https:\/\/srweldingsteel.upvision.site\/en\/wp-json\/wp\/v2\/media?parent=991"}],"curies":[{"name":"wp","href":"https:\/\/api.w.org\/{rel}","templated":true}]}}